{"id":796,"date":"2019-05-02T09:07:12","date_gmt":"2019-05-02T13:07:12","guid":{"rendered":"http:\/\/quebecrefrigeration.com\/a-propos-de-quebec-refrigeration\/"},"modified":"2019-07-19T11:36:22","modified_gmt":"2019-07-19T15:36:22","slug":"about-us-quebec-refrigeration","status":"publish","type":"page","link":"https:\/\/quebecrefrigeration.com\/en\/about-us-quebec-refrigeration\/","title":{"rendered":"About Us"},"content":{"rendered":"<div class=\"wpb-content-wrapper\">[mk_page_section bg_image=&#8221;http:\/\/quebecrefrigeration.com\/wp-content\/uploads\/refrigeration-st-laurent-opt.jpg&#8221; attachment=&#8221;fixed&#8221; bg_position=&#8221;center top&#8221; bg_repeat=&#8221;no-repeat&#8221; bg_stretch=&#8221;true&#8221; video_color_mask=&#8221;rgba(255,255,255,0.01)&#8221; video_opacity=&#8221;0&#8243; padding_top=&#8221;0&#8243; sidebar=&#8221;sidebar-1&#8243;][vc_column][mk_button dimension=&#8221;flat&#8221; size=&#8221;large&#8221; url=&#8221;https:\/\/quebecrefrigeration.com\/en\/contact-us-quebec-refrigeration\/&#8221; align=&#8221;right&#8221; button_custom_width=&#8221;200&#8243; el_class=&#8221;bjm-button&#8221; bg_color=&#8221;#877652&#8243; btn_hover_bg=&#8221;#303337&#8243; btn_hover_txt_color=&#8221;#ffffff&#8221;]GET AN ESTIMATE[\/mk_button][mk_padding_divider size=&#8221;80&#8243;][mk_fancy_title color=&#8221;#ffffff&#8221; size=&#8221;140&#8243; force_font_size=&#8221;true&#8221; size_smallscreen=&#8221;120&#8243; size_tablet=&#8221;100&#8243; size_phone=&#8221;32&#8243; line_height=&#8221;95&#8243; font_weight=&#8221;900&#8243; margin_bottom=&#8221;0&#8243; font_family=&#8221;none&#8221; align=&#8221;right&#8221; responsive_align=&#8221;right&#8221;]\n<p><span style=\"color: #e0e7e3;\">QU\u00c9BECr\u00e9f<\/span><br \/><span style=\"font-size: 75%;\">OR THOSE IN THE KNOW<\/span><\/p>\n[\/mk_fancy_title][mk_padding_divider size=&#8221;90&#8243;][\/vc_column][\/mk_page_section][vc_row css=&#8221;.vc_custom_1553784628979{padding-top: 100px !important;padding-bottom: 100px !important;}&#8221;][vc_column width=&#8221;5\/6&#8243;][vc_column_text align=&#8221;right&#8221; css=&#8221;.vc_custom_1558710979362{margin-bottom: 0px !important;}&#8221;]\n<h1 style=\"font-weight: 300 !important; font-size: 18px;\">The art of refrigeration, that knows us!<\/h1>\n<p style=\"text-align: right;\">Quebec refrigeration has carved out a place in the rental, sales and manufacturing of refrigeration equipment. In business since 1959, the company recently joined the Summum Group to offer a full service offering for all your refrigeration needs.<\/p>\n<p style=\"text-align: right;\">Our team of professionals will make you benefit from its long experience and guarantee you a fast and personalized service, 24 hours a day.<\/p>\n<p style=\"text-align: right;\">Trust us for the realization of your residential, commercial and industrial projects. We attach the highest importance to understanding and evaluating your needs, we will advise and support you throughout the execution of your work and your events.<\/p>\n<p style=\"text-align: right;\">Located in Saint-Laurent, the company serves all of Quebec and Ontario.<\/p>\n<p style=\"text-align: right;\">RBQ : 5610-0852-01<\/p>\n[\/vc_column_text][\/vc_column][vc_column width=&#8221;1\/6&#8243;][mk_padding_divider size=&#8221;60&#8243;][vc_single_image image=&#8221;317&#8243; img_size=&#8221;260&#215;260&#8243; alignment=&#8221;center&#8221;][\/vc_column][\/vc_row][mk_page_section layout_structure=&#8221;half_left&#8221; bg_image=&#8221;http:\/\/quebecrefrigeration.com\/wp-content\/uploads\/equipement-de-refrigeration-montreal-crop14-opt.jpg&#8221; bg_color=&#8221;#303337&#8243; bg_stretch=&#8221;true&#8221; js_vertical_centered=&#8221;true&#8221; padding_top=&#8221;0&#8243; padding_bottom=&#8221;0&#8243;][vc_column][mk_fancy_title color=&#8221;#ffffff&#8221; size=&#8221;124&#8243; force_font_size=&#8221;true&#8221; size_smallscreen=&#8221;100&#8243; size_tablet=&#8221;80&#8243; size_phone=&#8221;50&#8243; line_height=&#8221;95&#8243; font_weight=&#8221;900&#8243; margin_top=&#8221;32&#8243; margin_bottom=&#8221;32&#8243; font_family=&#8221;none&#8221; align=&#8221;right&#8221; responsive_align=&#8221;right&#8221;]<a class=\"bjm-customlink\" style=\"color: #fff;\" href=\"#\"><span style=\"color: #e0e7e3; font-weight: 200; font-size: 100%;\">24\/7<\/span><br \/><span style=\"color: #e0e7e3; font-size: 50%;\">EMERGENCY<\/span><br \/><span style=\"color: #e0e7e3; font-size: 90%;\">SERVICE<\/span><\/a>[\/mk_fancy_title][\/vc_column][\/mk_page_section]\n<\/div>","protected":false},"excerpt":{"rendered":"<p>[mk_page_section bg_image=&#8221;http:\/\/quebecrefrigeration.com\/wp-content\/uploads\/refrigeration-st-laurent-opt.jpg&#8221; attachment=&#8221;fixed&#8221; bg_position=&#8221;center top&#8221; bg_repeat=&#8221;no-repeat&#8221; bg_stretch=&#8221;true&#8221; video_color_mask=&#8221;rgba(255,255,255,0.01)&#8221; video_opacity=&#8221;0&#8243; padding_top=&#8221;0&#8243; sidebar=&#8221;sidebar-1&#8243;][vc_column][mk_button dimension=&#8221;flat&#8221; size=&#8221;large&#8221; url=&#8221;https:\/\/quebecrefrigeration.com\/en\/contact-us-quebec-refrigeration\/&#8221; align=&#8221;right&#8221; button_custom_width=&#8221;200&#8243; el_class=&#8221;bjm-button&#8221; bg_color=&#8221;#877652&#8243; btn_hover_bg=&#8221;#303337&#8243; btn_hover_txt_color=&#8221;#ffffff&#8221;]GET AN ESTIMATE[\/mk_button][mk_padding_divider size=&#8221;80&#8243;][mk_fancy_title color=&#8221;#ffffff&#8221; size=&#8221;140&#8243; force_font_size=&#8221;true&#8221; size_smallscreen=&#8221;120&#8243; size_tablet=&#8221;100&#8243; size_phone=&#8221;32&#8243; line_height=&#8221;95&#8243; font_weight=&#8221;900&#8243; margin_bottom=&#8221;0&#8243; font_family=&#8221;none&#8221; align=&#8221;right&#8221; responsive_align=&#8221;right&#8221;] QU\u00c9BECr\u00e9fOR THOSE IN THE KNOW [\/mk_fancy_title][mk_padding_divider size=&#8221;90&#8243;][\/vc_column][\/mk_page_section][vc_row css=&#8221;.vc_custom_1553784628979{padding-top: 100px !important;padding-bottom: 100px !important;}&#8221;][vc_column width=&#8221;5\/6&#8243;][vc_column_text align=&#8221;right&#8221; css=&#8221;.vc_custom_1558710979362{margin-bottom: 0px !important;}&#8221;] The art of [&hellip;]<\/p>\n","protected":false},"author":2,"featured_media":0,"parent":0,"menu_order":0,"comment_status":"closed","ping_status":"closed","template":"","meta":{"footnotes":""},"class_list":["post-796","page","type-page","status-publish","hentry"],"yoast_head":"<!-- This site is optimized with the Yoast SEO plugin v27.3 - https:\/\/yoast.com\/product\/yoast-seo-wordpress\/ -->\n<title>Commercial Refrigerators | About | Qu\u00e9bec R\u00e9frig\u00e9ration inc<\/title>\n<meta name=\"description\" content=\"Qu\u00e9bec R\u00e9frig\u00e9ration has earned a leading position in the rental, sales and manufacturing of refrigeration equipment markets. Contact us!\" \/>\n<meta name=\"robots\" content=\"index, follow, max-snippet:-1, max-image-preview:large, max-video-preview:-1\" \/>\n<link rel=\"canonical\" href=\"https:\/\/quebecrefrigeration.com\/en\/about-us-quebec-refrigeration\/\" \/>\n<meta property=\"og:locale\" content=\"en_US\" \/>\n<meta property=\"og:type\" content=\"article\" \/>\n<meta property=\"og:title\" content=\"Commercial Refrigerators | About | Qu\u00e9bec R\u00e9frig\u00e9ration inc\" \/>\n<meta property=\"og:description\" content=\"Qu\u00e9bec R\u00e9frig\u00e9ration has earned a leading position in the rental, sales and manufacturing of refrigeration equipment markets. Contact us!\" \/>\n<meta property=\"og:url\" content=\"https:\/\/quebecrefrigeration.com\/en\/about-us-quebec-refrigeration\/\" \/>\n<meta property=\"og:site_name\" content=\"Qu&eacute;bec R&eacute;frig&eacute;ration\" \/>\n<meta property=\"article:modified_time\" content=\"2019-07-19T15:36:22+00:00\" \/>\n<meta name=\"twitter:card\" content=\"summary_large_image\" \/>\n<meta name=\"twitter:label1\" content=\"Est. reading time\" \/>\n\t<meta name=\"twitter:data1\" content=\"2 minutes\" \/>\n<script type=\"application\/ld+json\" class=\"yoast-schema-graph\">{\"@context\":\"https:\\\/\\\/schema.org\",\"@graph\":[{\"@type\":\"WebPage\",\"@id\":\"https:\\\/\\\/quebecrefrigeration.com\\\/en\\\/about-us-quebec-refrigeration\\\/\",\"url\":\"https:\\\/\\\/quebecrefrigeration.com\\\/en\\\/about-us-quebec-refrigeration\\\/\",\"name\":\"Commercial Refrigerators | About | Qu\u00e9bec R\u00e9frig\u00e9ration inc\",\"isPartOf\":{\"@id\":\"https:\\\/\\\/quebecrefrigeration.com\\\/#website\"},\"datePublished\":\"2019-05-02T13:07:12+00:00\",\"dateModified\":\"2019-07-19T15:36:22+00:00\",\"description\":\"Qu\u00e9bec R\u00e9frig\u00e9ration has earned a leading position in the rental, sales and manufacturing of refrigeration equipment markets. Contact us!\",\"breadcrumb\":{\"@id\":\"https:\\\/\\\/quebecrefrigeration.com\\\/en\\\/about-us-quebec-refrigeration\\\/#breadcrumb\"},\"inLanguage\":\"en-CA\",\"potentialAction\":[{\"@type\":\"ReadAction\",\"target\":[\"https:\\\/\\\/quebecrefrigeration.com\\\/en\\\/about-us-quebec-refrigeration\\\/\"]}]},{\"@type\":\"BreadcrumbList\",\"@id\":\"https:\\\/\\\/quebecrefrigeration.com\\\/en\\\/about-us-quebec-refrigeration\\\/#breadcrumb\",\"itemListElement\":[{\"@type\":\"ListItem\",\"position\":1,\"name\":\"Home\",\"item\":\"https:\\\/\\\/quebecrefrigeration.com\\\/en\\\/\"},{\"@type\":\"ListItem\",\"position\":2,\"name\":\"About Us\"}]},{\"@type\":\"WebSite\",\"@id\":\"https:\\\/\\\/quebecrefrigeration.com\\\/#website\",\"url\":\"https:\\\/\\\/quebecrefrigeration.com\\\/\",\"name\":\"Qu&eacute;bec R&eacute;frig&eacute;ration\",\"description\":\"\",\"potentialAction\":[{\"@type\":\"SearchAction\",\"target\":{\"@type\":\"EntryPoint\",\"urlTemplate\":\"https:\\\/\\\/quebecrefrigeration.com\\\/?s={search_term_string}\"},\"query-input\":{\"@type\":\"PropertyValueSpecification\",\"valueRequired\":true,\"valueName\":\"search_term_string\"}}],\"inLanguage\":\"en-CA\"}]}<\/script>\n<!-- \/ Yoast SEO plugin. -->","yoast_head_json":{"title":"Commercial Refrigerators | About | Qu\u00e9bec R\u00e9frig\u00e9ration inc","description":"Qu\u00e9bec R\u00e9frig\u00e9ration has earned a leading position in the rental, sales and manufacturing of refrigeration equipment markets. Contact us!","robots":{"index":"index","follow":"follow","max-snippet":"max-snippet:-1","max-image-preview":"max-image-preview:large","max-video-preview":"max-video-preview:-1"},"canonical":"https:\/\/quebecrefrigeration.com\/en\/about-us-quebec-refrigeration\/","og_locale":"en_US","og_type":"article","og_title":"Commercial Refrigerators | About | Qu\u00e9bec R\u00e9frig\u00e9ration inc","og_description":"Qu\u00e9bec R\u00e9frig\u00e9ration has earned a leading position in the rental, sales and manufacturing of refrigeration equipment markets. Contact us!","og_url":"https:\/\/quebecrefrigeration.com\/en\/about-us-quebec-refrigeration\/","og_site_name":"Qu&eacute;bec R&eacute;frig&eacute;ration","article_modified_time":"2019-07-19T15:36:22+00:00","twitter_card":"summary_large_image","twitter_misc":{"Est. reading time":"2 minutes"},"schema":{"@context":"https:\/\/schema.org","@graph":[{"@type":"WebPage","@id":"https:\/\/quebecrefrigeration.com\/en\/about-us-quebec-refrigeration\/","url":"https:\/\/quebecrefrigeration.com\/en\/about-us-quebec-refrigeration\/","name":"Commercial Refrigerators | About | Qu\u00e9bec R\u00e9frig\u00e9ration inc","isPartOf":{"@id":"https:\/\/quebecrefrigeration.com\/#website"},"datePublished":"2019-05-02T13:07:12+00:00","dateModified":"2019-07-19T15:36:22+00:00","description":"Qu\u00e9bec R\u00e9frig\u00e9ration has earned a leading position in the rental, sales and manufacturing of refrigeration equipment markets. Contact us!","breadcrumb":{"@id":"https:\/\/quebecrefrigeration.com\/en\/about-us-quebec-refrigeration\/#breadcrumb"},"inLanguage":"en-CA","potentialAction":[{"@type":"ReadAction","target":["https:\/\/quebecrefrigeration.com\/en\/about-us-quebec-refrigeration\/"]}]},{"@type":"BreadcrumbList","@id":"https:\/\/quebecrefrigeration.com\/en\/about-us-quebec-refrigeration\/#breadcrumb","itemListElement":[{"@type":"ListItem","position":1,"name":"Home","item":"https:\/\/quebecrefrigeration.com\/en\/"},{"@type":"ListItem","position":2,"name":"About Us"}]},{"@type":"WebSite","@id":"https:\/\/quebecrefrigeration.com\/#website","url":"https:\/\/quebecrefrigeration.com\/","name":"Qu&eacute;bec R&eacute;frig&eacute;ration","description":"","potentialAction":[{"@type":"SearchAction","target":{"@type":"EntryPoint","urlTemplate":"https:\/\/quebecrefrigeration.com\/?s={search_term_string}"},"query-input":{"@type":"PropertyValueSpecification","valueRequired":true,"valueName":"search_term_string"}}],"inLanguage":"en-CA"}]}},"_links":{"self":[{"href":"https:\/\/quebecrefrigeration.com\/en\/wp-json\/wp\/v2\/pages\/796","targetHints":{"allow":["GET"]}}],"collection":[{"href":"https:\/\/quebecrefrigeration.com\/en\/wp-json\/wp\/v2\/pages"}],"about":[{"href":"https:\/\/quebecrefrigeration.com\/en\/wp-json\/wp\/v2\/types\/page"}],"author":[{"embeddable":true,"href":"https:\/\/quebecrefrigeration.com\/en\/wp-json\/wp\/v2\/users\/2"}],"replies":[{"embeddable":true,"href":"https:\/\/quebecrefrigeration.com\/en\/wp-json\/wp\/v2\/comments?post=796"}],"version-history":[{"count":9,"href":"https:\/\/quebecrefrigeration.com\/en\/wp-json\/wp\/v2\/pages\/796\/revisions"}],"predecessor-version":[{"id":1283,"href":"https:\/\/quebecrefrigeration.com\/en\/wp-json\/wp\/v2\/pages\/796\/revisions\/1283"}],"wp:attachment":[{"href":"https:\/\/quebecrefrigeration.com\/en\/wp-json\/wp\/v2\/media?parent=796"}],"curies":[{"name":"wp","href":"https:\/\/api.w.org\/{rel}","templated":true}]}}