{"id":797,"date":"2016-07-13T14:39:30","date_gmt":"2016-07-13T14:39:30","guid":{"rendered":"http:\/\/quebecrefrigeration.com\/home\/"},"modified":"2019-07-16T14:14:59","modified_gmt":"2019-07-16T18:14:59","slug":"home","status":"publish","type":"page","link":"https:\/\/quebecrefrigeration.com\/en\/","title":{"rendered":"Home"},"content":{"rendered":"<div class=\"wpb-content-wrapper\">[mk_page_section bg_image=&#8221;http:\/\/quebecrefrigeration.com\/wp-content\/uploads\/foret_ryan-pohanic-13342-opt.jpg&#8221; attachment=&#8221;fixed&#8221; bg_position=&#8221;center top&#8221; bg_repeat=&#8221;no-repeat&#8221; bg_stretch=&#8221;true&#8221; video_color_mask=&#8221;rgba(255,255,255,0.01)&#8221; video_opacity=&#8221;0&#8243; padding_top=&#8221;0&#8243; sidebar=&#8221;sidebar-1&#8243;][vc_column][mk_button dimension=&#8221;flat&#8221; size=&#8221;large&#8221; url=&#8221;en\/contact-us-quebec-refrigeration\/&#8221; align=&#8221;right&#8221; button_custom_width=&#8221;200&#8243; el_class=&#8221;bjm-button&#8221; bg_color=&#8221;#877652&#8243; btn_hover_bg=&#8221;#303337&#8243; btn_hover_txt_color=&#8221;#ffffff&#8221;]GET AN ESTIMATE[\/mk_button][mk_padding_divider size=&#8221;80&#8243;][mk_fancy_title tag_name=&#8221;h1&#8243; color=&#8221;#ffffff&#8221; size=&#8221;140&#8243; force_font_size=&#8221;true&#8221; size_smallscreen=&#8221;120&#8243; size_tablet=&#8221;100&#8243; size_phone=&#8221;62&#8243; line_height=&#8221;95&#8243; font_weight=&#8221;900&#8243; margin_bottom=&#8221;0&#8243; font_family=&#8221;none&#8221; align=&#8221;right&#8221; responsive_align=&#8221;right&#8221;]<span style=\"color: #e0e7e3;\">COOL<\/span><br \/>\nSINCE 1959[\/mk_fancy_title][mk_padding_divider size=&#8221;90&#8243;][\/vc_column][\/mk_page_section][mk_page_section bg_color=&#8221;#e0e7e3&#8243; bg_position=&#8221;center bottom&#8221; bg_repeat=&#8221;no-repeat&#8221; padding_top=&#8221;80&#8243; padding_bottom=&#8221;80&#8243; sidebar=&#8221;sidebar-1&#8243;][vc_column width=&#8221;5\/12&#8243;][mk_custom_box padding_vertical=&#8221;110&#8243; padding_horizental=&#8221;40&#8243; margin_bottom=&#8221;0&#8243; border_color_style=&#8221;single_color&#8221; border_color=&#8221;#877652&#8243;][mk_fancy_title tag_name=&#8221;h1&#8243; color=&#8221;#586a6c&#8221; size=&#8221;24&#8243; font_weight=&#8221;bold&#8221; txt_transform=&#8221;uppercase&#8221; letter_spacing=&#8221;2&#8243; margin_bottom=&#8221;0&#8243; font_family=&#8221;Montserrat&#8221; font_type=&#8221;google&#8221; align=&#8221;center&#8221;]OUR PRODUCTS[\/mk_fancy_title][vc_row_inner visibility=&#8221;hidden-tl&#8221;][vc_column_inner][vc_column_text disable_pattern=&#8221;false&#8221; align=&#8221;center&#8221; margin_bottom=&#8221;20&#8243; css=&#8221;.vc_custom_1562600505389{margin-bottom: 20px !important;}&#8221;]Do you need a commercial refrigerator? You can rely on our team members to give you accurate, personalized information. As specialists in the sale and lease of refrigeration equipment, we\u2019re your experts in Montreal and its surrounding area. For more information, contact us or come see us in person.[\/vc_column_text][\/vc_column_inner][\/vc_row_inner][mk_button_gradient dimension=&#8221;flat&#8221; size=&#8221;medium&#8221; grandient_color_from=&#8221;#877652&#8243; grandient_color_to=&#8221;#877652&#8243; grandient_color_angle=&#8221;horizontal&#8221; grandient_color_fallback=&#8221;#877652&#8243; url=&#8221;\/en\/buy-and-rent\/&#8221; align=&#8221;center&#8221; margin_bottom=&#8221;0&#8243; margin_right=&#8221;0&#8243;]SHOP NOW[\/mk_button_gradient][\/mk_custom_box][\/vc_column][vc_column width=&#8221;1\/12&#8243;][\/vc_column][vc_column width=&#8221;1\/2&#8243;][mk_padding_divider visibility=&#8221;visible-sm&#8221;][mk_portfolio_carousel style=&#8221;modern&#8221; view_all_text=&#8221;Tous&#8221; count=&#8221;-1&#8243; show_items=&#8221;1&#8243; image_size=&#8221;full&#8221; pause_on_hover=&#8221;true&#8221; orderby=&#8221;rand&#8221;][\/vc_column][\/mk_page_section][vc_row css=&#8221;.vc_custom_1553784628979{padding-top: 100px !important;padding-bottom: 100px !important;}&#8221;][vc_column width=&#8221;5\/6&#8243;][vc_column_text css=&#8221;.vc_custom_1558709942232{margin-bottom: 0px !important;}&#8221;]\n<h2>REFRIGERATION EQUIPMENT SALES AND LEASING FOR ALL YOUR PROJECTS AND SPECIAL EVENTS IN MONTREAL AND SURROUNDING AREAS!<\/h2>\n<p>Furnish your restaurant kitchen or your business with the latest in cutting-edge refrigeration equipment.<\/p>\n<p>At Quebec Refrigeration, we offer you a wide range of walk-in coolers, refrigerators, commercial refrigerators, refrigerated display cases, refrigerated counters, freezers, makelines and work tables, so you\u2019re sure to find the product that\u2019s right for you.<\/p>\n<p>It goes without saying that, in the food industry, proper conservation and storage are major concerns that shouldn\u2019t be taken lightly. To keep your food fresh and to maintain the quality of your products, purchase and lease tried-and-true professional refrigeration appliances.<\/p>\n<p>When it comes to refrigeration equipment manufacture, sales and leasing, with Quebec Refrigeration, you can rest assured that the service you receive will be personalized, thorough and attentive. Our team of consultants is here to guide you and provide you with all the necessary information on our various models to ensure that you choose the products that best meet your needs.<\/p>\n[\/vc_column_text][\/vc_column][vc_column width=&#8221;1\/6&#8243;][vc_single_image image=&#8221;317&#8243; img_size=&#8221;260&#215;260&#8243; alignment=&#8221;center&#8221;][vc_single_image image=&#8221;317&#8243; img_size=&#8221;260&#215;260&#8243; alignment=&#8221;center&#8221;][vc_single_image image=&#8221;317&#8243; img_size=&#8221;260&#215;260&#8243; alignment=&#8221;center&#8221;][\/vc_column][\/vc_row][vc_row fullwidth=&#8221;true&#8221; fullwidth_content=&#8221;false&#8221; css=&#8221;.vc_custom_1553784987175{padding-top: 100px !important;padding-bottom: 100px !important;background-color: #303337 !important;}&#8221;][vc_column][mk_fancy_title tag_name=&#8221;h3&#8243; color=&#8221;#e0e7e3&#8243; size=&#8221;50&#8243; force_font_size=&#8221;true&#8221; size_smallscreen=&#8221;40&#8243; size_tablet=&#8221;36&#8243; size_phone=&#8221;30&#8243; line_height=&#8221;95&#8243; font_weight=&#8221;900&#8243; margin_bottom=&#8221;30&#8243; font_family=&#8221;none&#8221; align=&#8221;center&#8221;]CONTACT US[\/mk_fancy_title][vc_row_inner][vc_column_inner width=&#8221;1\/3&#8243;][\/vc_column_inner][vc_column_inner width=&#8221;1\/6&#8243;][mk_button_gradient dimension=&#8221;flat&#8221; size=&#8221;large&#8221; grandient_color_from=&#8221;#877652&#8243; grandient_color_to=&#8221;#877652&#8243; grandient_color_angle=&#8221;horizontal&#8221; grandient_color_fallback=&#8221;#877652&#8243; url=&#8221;tel:+15143412004&#8243; align=&#8221;center&#8221; fullwidth=&#8221;true&#8221; margin_bottom=&#8221;0&#8243; margin_right=&#8221;0&#8243;](514) 341-2004[\/mk_button_gradient][\/vc_column_inner][vc_column_inner width=&#8221;1\/6&#8243;][mk_button_gradient dimension=&#8221;flat&#8221; size=&#8221;large&#8221; grandient_color_from=&#8221;#877652&#8243; grandient_color_to=&#8221;#877652&#8243; grandient_color_angle=&#8221;horizontal&#8221; grandient_color_fallback=&#8221;#877652&#8243; url=&#8221;mailto:information@quebecrefrigeration.com&#8221; align=&#8221;center&#8221; fullwidth=&#8221;true&#8221; margin_bottom=&#8221;0&#8243; margin_right=&#8221;0&#8243;]EMAIL[\/mk_button_gradient][\/vc_column_inner][vc_column_inner width=&#8221;1\/3&#8243;][\/vc_column_inner][\/vc_row_inner][\/vc_column][\/vc_row][mk_page_section bg_image=&#8221;http:\/\/quebecrefrigeration.com\/wp-content\/uploads\/foret_ryan-pohanic-13342-opt.jpg&#8221; bg_repeat=&#8221;no-repeat&#8221; bg_stretch=&#8221;true&#8221; full_width=&#8221;true&#8221; js_vertical_centered=&#8221;true&#8221; padding_top=&#8221;0&#8243; padding_bottom=&#8221;0&#8243; sidebar=&#8221;sidebar-1&#8243;][vc_column width=&#8221;1\/2&#8243;][mk_padding_divider size=&#8221;80&#8243; visibility=&#8221;hidden-sm&#8221;][mk_padding_divider size=&#8221;60&#8243;][mk_fancy_title color=&#8221;#ffffff&#8221; size=&#8221;140&#8243; force_font_size=&#8221;true&#8221; size_smallscreen=&#8221;120&#8243; size_tablet=&#8221;100&#8243; size_phone=&#8221;50&#8243; line_height=&#8221;95&#8243; font_weight=&#8221;900&#8243; margin_bottom=&#8221;0&#8243; font_family=&#8221;none&#8221; align=&#8221;right&#8221; responsive_align=&#8221;right&#8221;]<span style=\"color: #ffffff;\"><a class=\"bjm-customlink\" style=\"color: #ffffff;\" href=\"\/en\/buy-and-rent\/\">SALES<br \/>\n&amp; LEASING<\/a><\/span>[\/mk_fancy_title][mk_padding_divider size=&#8221;60&#8243; visibility=&#8221;hidden-sm&#8221;][mk_padding_divider size=&#8221;60&#8243;][\/vc_column][vc_column width=&#8221;1\/2&#8243; css=&#8221;.vc_custom_1554125118849{margin-top: 0px !important;margin-right: 0px !important;margin-bottom: 0px !important;margin-left: 0px !important;border-top-width: 0px !important;border-right-width: 0px !important;border-bottom-width: 0px !important;border-left-width: 0px !important;padding-top: 0px !important;padding-right: 0px !important;padding-bottom: 0px !important;padding-left: 0px !important;}&#8221; el_class=&#8221;bjm-fix-carrousel&#8221;][mk_gallery images=&#8221;1113,1111,1115,1117,1119,1121,1123,1125,1127&#8243; custom_links=&#8221;https:\/\/quebecrefrigeration.com\/en\/buy-and-rent\/, https:\/\/quebecrefrigeration.com\/en\/buy-and-rent\/, https:\/\/quebecrefrigeration.com\/en\/buy-and-rent\/, https:\/\/quebecrefrigeration.com\/en\/buy-and-rent\/, https:\/\/quebecrefrigeration.com\/en\/buy-and-rent\/, https:\/\/quebecrefrigeration.com\/en\/buy-and-rent\/, https:\/\/quebecrefrigeration.com\/en\/buy-and-rent\/, https:\/\/quebecrefrigeration.com\/en\/buy-and-rent\/, https:\/\/quebecrefrigeration.com\/en\/buy-and-rent\/&#8221; image_size=&#8221;full&#8221; hover_scenarios=&#8221;none&#8221; item_spacing=&#8221;0&#8243; margin_bottom=&#8221;0&#8243; orderby=&#8221;post__in&#8221;][\/vc_column][\/mk_page_section][mk_page_section padding_top=&#8221;90&#8243; padding_bottom=&#8221;90&#8243; sidebar=&#8221;sidebar-1&#8243;][vc_column][mk_fancy_title tag_name=&#8221;h3&#8243; color=&#8221;#e0e7e3&#8243; size=&#8221;72&#8243; force_font_size=&#8221;true&#8221; size_smallscreen=&#8221;62&#8243; size_tablet=&#8221;46&#8243; size_phone=&#8221;32&#8243; line_height=&#8221;95&#8243; font_weight=&#8221;900&#8243; margin_bottom=&#8221;30&#8243; font_family=&#8221;none&#8221; align=&#8221;center&#8221;]OUR CLIENTS[\/mk_fancy_title][mk_gallery images=&#8221;344,346,348,350,352,354,356,358,360,362,364,366,368,370,372,374,376,378,380,382&#8243; column=&#8221;5&#8243; image_size=&#8221;full&#8221; item_spacing=&#8221;32&#8243;][\/vc_column][\/mk_page_section][mk_page_section layout_structure=&#8221;half_left&#8221; bg_image=&#8221;http:\/\/quebecrefrigeration.com\/wp-content\/uploads\/equipement-de-refrigeration-montreal-crop2-opt.jpg&#8221; bg_color=&#8221;#303337&#8243; js_vertical_centered=&#8221;true&#8221; padding_top=&#8221;0&#8243; padding_bottom=&#8221;0&#8243;][vc_column][mk_fancy_title color=&#8221;#ffffff&#8221; size=&#8221;74&#8243; force_font_size=&#8221;true&#8221; size_smallscreen=&#8221;63&#8243; size_tablet=&#8221;52&#8243; size_phone=&#8221;36&#8243; line_height=&#8221;95&#8243; font_weight=&#8221;900&#8243; margin_top=&#8221;32&#8243; margin_bottom=&#8221;32&#8243; font_family=&#8221;none&#8221; align=&#8221;right&#8221; responsive_align=&#8221;right&#8221;]<a class=\"bjm-customlink\" style=\"color: #fff;\" href=\"#\"><span style=\"color: #e0e7e3; font-weight: 200;\">24\/7\u00a0 <\/span><br \/>\n<span style=\"color: #e0e7e3;\">EMERGENCY<\/span><br \/>\nSERVICES<\/a>[\/mk_fancy_title][\/vc_column][\/mk_page_section]\n<\/div>","protected":false},"excerpt":{"rendered":"<p>[mk_page_section bg_image=&#8221;http:\/\/quebecrefrigeration.com\/wp-content\/uploads\/foret_ryan-pohanic-13342-opt.jpg&#8221; attachment=&#8221;fixed&#8221; bg_position=&#8221;center top&#8221; bg_repeat=&#8221;no-repeat&#8221; bg_stretch=&#8221;true&#8221; video_color_mask=&#8221;rgba(255,255,255,0.01)&#8221; video_opacity=&#8221;0&#8243; padding_top=&#8221;0&#8243; sidebar=&#8221;sidebar-1&#8243;][vc_column][mk_button dimension=&#8221;flat&#8221; size=&#8221;large&#8221; url=&#8221;en\/contact-us-quebec-refrigeration\/&#8221; align=&#8221;right&#8221; button_custom_width=&#8221;200&#8243; el_class=&#8221;bjm-button&#8221; bg_color=&#8221;#877652&#8243; btn_hover_bg=&#8221;#303337&#8243; btn_hover_txt_color=&#8221;#ffffff&#8221;]GET AN ESTIMATE[\/mk_button][mk_padding_divider size=&#8221;80&#8243;][mk_fancy_title tag_name=&#8221;h1&#8243; color=&#8221;#ffffff&#8221; size=&#8221;140&#8243; force_font_size=&#8221;true&#8221; size_smallscreen=&#8221;120&#8243; size_tablet=&#8221;100&#8243; size_phone=&#8221;62&#8243; line_height=&#8221;95&#8243; font_weight=&#8221;900&#8243; margin_bottom=&#8221;0&#8243; font_family=&#8221;none&#8221; align=&#8221;right&#8221; responsive_align=&#8221;right&#8221;]COOL SINCE 1959[\/mk_fancy_title][mk_padding_divider size=&#8221;90&#8243;][\/vc_column][\/mk_page_section][mk_page_section bg_color=&#8221;#e0e7e3&#8243; bg_position=&#8221;center bottom&#8221; bg_repeat=&#8221;no-repeat&#8221; padding_top=&#8221;80&#8243; padding_bottom=&#8221;80&#8243; sidebar=&#8221;sidebar-1&#8243;][vc_column width=&#8221;5\/12&#8243;][mk_custom_box padding_vertical=&#8221;110&#8243; padding_horizental=&#8221;40&#8243; margin_bottom=&#8221;0&#8243; border_color_style=&#8221;single_color&#8221; border_color=&#8221;#877652&#8243;][mk_fancy_title tag_name=&#8221;h1&#8243; color=&#8221;#586a6c&#8221; size=&#8221;24&#8243; [&hellip;]<\/p>\n","protected":false},"author":19,"featured_media":0,"parent":0,"menu_order":0,"comment_status":"closed","ping_status":"closed","template":"","meta":{"footnotes":""},"class_list":["post-797","page","type-page","status-publish","hentry"],"yoast_head":"<!-- This site is optimized with the Yoast SEO plugin v27.5 - https:\/\/yoast.com\/product\/yoast-seo-wordpress\/ -->\n<title>Refrigeration Equipment Rental | Qu\u00e9bec R\u00e9frig\u00e9ration inc<\/title>\n<meta name=\"description\" content=\"Equip your restaurant or business with refrigeration equipment: commercial refrigerators, display stands, refrigerated counters, freezers. 514-341-2004\" \/>\n<meta name=\"robots\" content=\"index, follow, max-snippet:-1, max-image-preview:large, max-video-preview:-1\" \/>\n<link rel=\"canonical\" href=\"https:\/\/quebecrefrigeration.com\/en\/\" \/>\n<meta property=\"og:locale\" content=\"en_US\" \/>\n<meta property=\"og:type\" content=\"article\" \/>\n<meta property=\"og:title\" content=\"Refrigeration Equipment Rental | Qu\u00e9bec R\u00e9frig\u00e9ration inc\" \/>\n<meta property=\"og:description\" content=\"Equip your restaurant or business with refrigeration equipment: commercial refrigerators, display stands, refrigerated counters, freezers. 514-341-2004\" \/>\n<meta property=\"og:url\" content=\"https:\/\/quebecrefrigeration.com\/en\/\" \/>\n<meta property=\"og:site_name\" content=\"Qu&eacute;bec R&eacute;frig&eacute;ration\" \/>\n<meta property=\"article:modified_time\" content=\"2019-07-16T18:14:59+00:00\" \/>\n<meta name=\"twitter:card\" content=\"summary_large_image\" \/>\n<meta name=\"twitter:label1\" content=\"Est. reading time\" \/>\n\t<meta name=\"twitter:data1\" content=\"5 minutes\" \/>\n<script type=\"application\/ld+json\" class=\"yoast-schema-graph\">{\"@context\":\"https:\\\/\\\/schema.org\",\"@graph\":[{\"@type\":\"WebPage\",\"@id\":\"https:\\\/\\\/quebecrefrigeration.com\\\/en\\\/\",\"url\":\"https:\\\/\\\/quebecrefrigeration.com\\\/en\\\/\",\"name\":\"Refrigeration Equipment Rental | Qu\u00e9bec R\u00e9frig\u00e9ration inc\",\"isPartOf\":{\"@id\":\"https:\\\/\\\/quebecrefrigeration.com\\\/#website\"},\"datePublished\":\"2016-07-13T14:39:30+00:00\",\"dateModified\":\"2019-07-16T18:14:59+00:00\",\"description\":\"Equip your restaurant or business with refrigeration equipment: commercial refrigerators, display stands, refrigerated counters, freezers. 514-341-2004\",\"breadcrumb\":{\"@id\":\"https:\\\/\\\/quebecrefrigeration.com\\\/en\\\/#breadcrumb\"},\"inLanguage\":\"en-CA\",\"potentialAction\":[{\"@type\":\"ReadAction\",\"target\":[\"https:\\\/\\\/quebecrefrigeration.com\\\/en\\\/\"]}]},{\"@type\":\"BreadcrumbList\",\"@id\":\"https:\\\/\\\/quebecrefrigeration.com\\\/en\\\/#breadcrumb\",\"itemListElement\":[{\"@type\":\"ListItem\",\"position\":1,\"name\":\"Home\",\"item\":\"https:\\\/\\\/quebecrefrigeration.com\\\/en\\\/\"},{\"@type\":\"ListItem\",\"position\":2,\"name\":\"Home\"}]},{\"@type\":\"WebSite\",\"@id\":\"https:\\\/\\\/quebecrefrigeration.com\\\/#website\",\"url\":\"https:\\\/\\\/quebecrefrigeration.com\\\/\",\"name\":\"Qu&eacute;bec R&eacute;frig&eacute;ration\",\"description\":\"\",\"potentialAction\":[{\"@type\":\"SearchAction\",\"target\":{\"@type\":\"EntryPoint\",\"urlTemplate\":\"https:\\\/\\\/quebecrefrigeration.com\\\/?s={search_term_string}\"},\"query-input\":{\"@type\":\"PropertyValueSpecification\",\"valueRequired\":true,\"valueName\":\"search_term_string\"}}],\"inLanguage\":\"en-CA\"}]}<\/script>\n<!-- \/ Yoast SEO plugin. -->","yoast_head_json":{"title":"Refrigeration Equipment Rental | Qu\u00e9bec R\u00e9frig\u00e9ration inc","description":"Equip your restaurant or business with refrigeration equipment: commercial refrigerators, display stands, refrigerated counters, freezers. 514-341-2004","robots":{"index":"index","follow":"follow","max-snippet":"max-snippet:-1","max-image-preview":"max-image-preview:large","max-video-preview":"max-video-preview:-1"},"canonical":"https:\/\/quebecrefrigeration.com\/en\/","og_locale":"en_US","og_type":"article","og_title":"Refrigeration Equipment Rental | Qu\u00e9bec R\u00e9frig\u00e9ration inc","og_description":"Equip your restaurant or business with refrigeration equipment: commercial refrigerators, display stands, refrigerated counters, freezers. 514-341-2004","og_url":"https:\/\/quebecrefrigeration.com\/en\/","og_site_name":"Qu&eacute;bec R&eacute;frig&eacute;ration","article_modified_time":"2019-07-16T18:14:59+00:00","twitter_card":"summary_large_image","twitter_misc":{"Est. reading time":"5 minutes"},"schema":{"@context":"https:\/\/schema.org","@graph":[{"@type":"WebPage","@id":"https:\/\/quebecrefrigeration.com\/en\/","url":"https:\/\/quebecrefrigeration.com\/en\/","name":"Refrigeration Equipment Rental | Qu\u00e9bec R\u00e9frig\u00e9ration inc","isPartOf":{"@id":"https:\/\/quebecrefrigeration.com\/#website"},"datePublished":"2016-07-13T14:39:30+00:00","dateModified":"2019-07-16T18:14:59+00:00","description":"Equip your restaurant or business with refrigeration equipment: commercial refrigerators, display stands, refrigerated counters, freezers. 514-341-2004","breadcrumb":{"@id":"https:\/\/quebecrefrigeration.com\/en\/#breadcrumb"},"inLanguage":"en-CA","potentialAction":[{"@type":"ReadAction","target":["https:\/\/quebecrefrigeration.com\/en\/"]}]},{"@type":"BreadcrumbList","@id":"https:\/\/quebecrefrigeration.com\/en\/#breadcrumb","itemListElement":[{"@type":"ListItem","position":1,"name":"Home","item":"https:\/\/quebecrefrigeration.com\/en\/"},{"@type":"ListItem","position":2,"name":"Home"}]},{"@type":"WebSite","@id":"https:\/\/quebecrefrigeration.com\/#website","url":"https:\/\/quebecrefrigeration.com\/","name":"Qu&eacute;bec R&eacute;frig&eacute;ration","description":"","potentialAction":[{"@type":"SearchAction","target":{"@type":"EntryPoint","urlTemplate":"https:\/\/quebecrefrigeration.com\/?s={search_term_string}"},"query-input":{"@type":"PropertyValueSpecification","valueRequired":true,"valueName":"search_term_string"}}],"inLanguage":"en-CA"}]}},"_links":{"self":[{"href":"https:\/\/quebecrefrigeration.com\/en\/wp-json\/wp\/v2\/pages\/797","targetHints":{"allow":["GET"]}}],"collection":[{"href":"https:\/\/quebecrefrigeration.com\/en\/wp-json\/wp\/v2\/pages"}],"about":[{"href":"https:\/\/quebecrefrigeration.com\/en\/wp-json\/wp\/v2\/types\/page"}],"author":[{"embeddable":true,"href":"https:\/\/quebecrefrigeration.com\/en\/wp-json\/wp\/v2\/users\/19"}],"replies":[{"embeddable":true,"href":"https:\/\/quebecrefrigeration.com\/en\/wp-json\/wp\/v2\/comments?post=797"}],"version-history":[{"count":15,"href":"https:\/\/quebecrefrigeration.com\/en\/wp-json\/wp\/v2\/pages\/797\/revisions"}],"predecessor-version":[{"id":1245,"href":"https:\/\/quebecrefrigeration.com\/en\/wp-json\/wp\/v2\/pages\/797\/revisions\/1245"}],"wp:attachment":[{"href":"https:\/\/quebecrefrigeration.com\/en\/wp-json\/wp\/v2\/media?parent=797"}],"curies":[{"name":"wp","href":"https:\/\/api.w.org\/{rel}","templated":true}]}}